{"id":3661,"date":"2024-05-13T10:33:13","date_gmt":"2024-05-13T15:33:13","guid":{"rendered":"https:\/\/www.isdigitaltime.com\/?page_id=3661"},"modified":"2024-09-15T13:05:54","modified_gmt":"2024-09-15T18:05:54","slug":"contactar","status":"publish","type":"page","link":"https:\/\/www.isdigitaltime.com\/en\/contactar\/","title":{"rendered":"Momento Digital | Contacto"},"content":{"rendered":"[et_pb_section fb_built=\u00bb1&#8243; _builder_version=\u00bb4.18.0&#8243; _module_preset=\u00bbdefault\u00bb background_color=\u00bb#000000&#8243; width=\u00bb100%\u00bb max_width=\u00bb100%\u00bb min_height=\u00bb100%\u00bb height=\u00bb100%\u00bb max_height=\u00bb100%\u00bb custom_margin=\u00bb0px|0px|0px|0px|false|false\u00bb custom_padding=\u00bb0px|0px|0px|0px|false|false\u00bb global_colors_info=\u00bb{}\u00bb][et_pb_row column_structure=\u00bb1_3,1_3,1_3&#8243; _builder_version=\u00bb4.24.2&#8243; _module_preset=\u00bbdefault\u00bb custom_padding=\u00bb18px||16px|||\u00bb hover_enabled=\u00bb0&#8243; global_colors_info=\u00bb{}\u00bb sticky_enabled=\u00bb0&#8243;][et_pb_column type=\u00bb1_3&#8243; _builder_version=\u00bb4.21.2&#8243; _module_preset=\u00bbdefault\u00bb global_colors_info=\u00bb{}\u00bb][\/et_pb_column][et_pb_column type=\u00bb1_3&#8243; _builder_version=\u00bb4.21.2&#8243; _module_preset=\u00bbdefault\u00bb global_colors_info=\u00bb{}\u00bb][et_pb_text _builder_version=\u00bb4.24.2&#8243; _module_preset=\u00bbdefault\u00bb text_font=\u00bbISDIGITALTIME BOLD||||||||\u00bb text_text_color=\u00bb#FFFFFF\u00bb text_font_size_last_edited=\u00bbon|desktop\u00bb text_font_size=\u00bb40px\u00bb hover_enabled=\u00bb0&#8243; sticky_enabled=\u00bb0&#8243; text_font_size_phone=\u00bb30px\u00bb text_orientation=\u00bbcenter\u00bb text_font_size_tablet=\u00bb40px\u00bb]\n<p>CONTACTO<\/p>\n[\/et_pb_text][\/et_pb_column][et_pb_column type=\u00bb1_3&#8243; _builder_version=\u00bb4.21.2&#8243; _module_preset=\u00bbdefault\u00bb global_colors_info=\u00bb{}\u00bb][\/et_pb_column][\/et_pb_row][et_pb_row use_custom_gutter=\u00bbon\u00bb gutter_width=\u00bb1&#8243; _builder_version=\u00bb4.21.2&#8243; _module_preset=\u00bbdefault\u00bb background_color=\u00bb#ffffff\u00bb custom_margin=\u00bb20px||20px||false|false\u00bb custom_padding=\u00bb0px|0px|0px|0px|false|false\u00bb animation_style=\u00bbslide\u00bb link_option_url=\u00bbhttps:\/\/api.whatsapp.com\/send\/?phone=34613247957&#8243; link_option_url_new_window=\u00bbon\u00bb custom_css_main_element=\u00bbdisplay: flex;\u00bb border_radii=\u00bbon|13px|13px|13px|13px\u00bb global_colors_info=\u00bb{}\u00bb filter_brightness__hover_enabled=\u00bbon|hover\u00bb filter_brightness__hover=\u00bb70%\u00bb][et_pb_column type=\u00bb4_4&#8243; _builder_version=\u00bb4.16&#8243; _module_preset=\u00bbdefault\u00bb global_colors_info=\u00bb{}\u00bb][et_pb_button button_url=\u00bbhttps:\/\/api.whatsapp.com\/send\/?phone=34613247957&#8243; url_new_window=\u00bbon\u00bb button_text=\u00bb+34 613.24.79.57&#8243; button_alignment=\u00bbcenter\u00bb _builder_version=\u00bb4.24.2&#8243; _module_preset=\u00bbdefault\u00bb custom_button=\u00bbon\u00bb button_text_color=\u00bb#000000&#8243; button_border_width=\u00bb0px\u00bb button_border_radius=\u00bb13px\u00bb global_colors_info=\u00bb{}\u00bb][\/et_pb_button][\/et_pb_column][\/et_pb_row][et_pb_row use_custom_gutter=\u00bbon\u00bb gutter_width=\u00bb1&#8243; _builder_version=\u00bb4.21.2&#8243; _module_preset=\u00bbdefault\u00bb background_color=\u00bb#ffffff\u00bb custom_margin=\u00bb20px||20px||false|false\u00bb custom_padding=\u00bb0px|0px|0px|0px|false|false\u00bb animation_style=\u00bbslide\u00bb link_option_url=\u00bbhttps:\/\/api.whatsapp.com\/send\/?phone=34613247957&#8243; link_option_url_new_window=\u00bbon\u00bb custom_css_main_element=\u00bbdisplay: flex;\u00bb border_radii=\u00bbon|13px|13px|13px|13px\u00bb global_colors_info=\u00bb{}\u00bb filter_brightness__hover_enabled=\u00bbon|hover\u00bb filter_brightness__hover=\u00bb70%\u00bb][et_pb_column type=\u00bb4_4&#8243; _builder_version=\u00bb4.16&#8243; _module_preset=\u00bbdefault\u00bb global_colors_info=\u00bb{}\u00bb][et_pb_button button_url=\u00bbhttps:\/\/api.whatsapp.com\/send?phone=50764406834&#8243; url_new_window=\u00bbon\u00bb button_text=\u00bb+507 6440-6834&#8243; button_alignment=\u00bbcenter\u00bb _builder_version=\u00bb4.24.2&#8243; _module_preset=\u00bbdefault\u00bb custom_button=\u00bbon\u00bb button_text_color=\u00bb#000000&#8243; button_border_width=\u00bb0px\u00bb button_border_radius=\u00bb13px\u00bb global_colors_info=\u00bb{}\u00bb][\/et_pb_button][\/et_pb_column][\/et_pb_row][et_pb_row use_custom_gutter=\u00bbon\u00bb gutter_width=\u00bb1&#8243; _builder_version=\u00bb4.18.0&#8243; _module_preset=\u00bbdefault\u00bb background_color=\u00bb#ffffff\u00bb custom_margin=\u00bb20px||20px||false|false\u00bb custom_padding=\u00bb0px|0px|0px|0px|false|false\u00bb animation_style=\u00bbslide\u00bb link_option_url=\u00bbmailto:info@marquezjavier.com\u00bb custom_css_main_element=\u00bbdisplay: flex;\u00bb border_radii=\u00bbon|13px|13px|13px|13px\u00bb global_colors_info=\u00bb{}\u00bb filter_brightness__hover_enabled=\u00bbon|hover\u00bb filter_brightness__hover=\u00bb70%\u00bb][et_pb_column type=\u00bb4_4&#8243; _builder_version=\u00bb4.16&#8243; _module_preset=\u00bbdefault\u00bb global_colors_info=\u00bb{}\u00bb][et_pb_button button_url=\u00bbmailto:contacto@momentoddigital.es\u00bb url_new_window=\u00bbon\u00bb button_text=\u00bbCORREO ELECTRONICO\u00bb button_alignment=\u00bbcenter\u00bb _builder_version=\u00bb4.24.2&#8243; _module_preset=\u00bbdefault\u00bb custom_button=\u00bbon\u00bb button_text_color=\u00bb#000000&#8243; button_border_width=\u00bb0px\u00bb button_border_radius=\u00bb13px\u00bb global_colors_info=\u00bb{}\u00bb][\/et_pb_button][\/et_pb_column][\/et_pb_row][et_pb_row use_custom_gutter=\u00bbon\u00bb gutter_width=\u00bb1&#8243; _builder_version=\u00bb4.21.2&#8243; _module_preset=\u00bbdefault\u00bb background_color=\u00bb#ffffff\u00bb custom_margin=\u00bb20px||20px||false|false\u00bb custom_padding=\u00bb0px|0px|0px|0px|false|false\u00bb animation_style=\u00bbslide\u00bb animation_duration=\u00bb1200ms\u00bb animation_delay=\u00bb100ms\u00bb link_option_url=\u00bbhttps:\/\/www.isdigitaltime.com\/\u00bb link_option_url_new_window=\u00bbon\u00bb custom_css_main_element=\u00bbdisplay: flex;\u00bb border_radii=\u00bbon|13px|13px|13px|13px\u00bb global_colors_info=\u00bb{}\u00bb filter_brightness__hover_enabled=\u00bbon|hover\u00bb filter_brightness__hover=\u00bb70%\u00bb][et_pb_column type=\u00bb4_4&#8243; _builder_version=\u00bb4.16&#8243; _module_preset=\u00bbdefault\u00bb global_colors_info=\u00bb{}\u00bb][et_pb_button button_url=\u00bbhttps:\/\/www.isdigitaltime.com\/\u00bb url_new_window=\u00bbon\u00bb button_text=\u00bbP\u00c1GINA WEB\u00bb button_alignment=\u00bbcenter\u00bb _builder_version=\u00bb4.24.2&#8243; _module_preset=\u00bbdefault\u00bb custom_button=\u00bbon\u00bb button_text_color=\u00bb#000000&#8243; button_bg_color=\u00bbrgba(0,0,0,0)\u00bb button_border_width=\u00bb0px\u00bb button_border_radius=\u00bb13px\u00bb global_colors_info=\u00bb{}\u00bb][\/et_pb_button][\/et_pb_column][\/et_pb_row][et_pb_row use_custom_gutter=\u00bbon\u00bb gutter_width=\u00bb1&#8243; _builder_version=\u00bb4.21.2&#8243; _module_preset=\u00bbdefault\u00bb background_color=\u00bb#ffffff\u00bb custom_margin=\u00bb20px||20px||false|false\u00bb custom_padding=\u00bb0px|0px|0px|0px|false|false\u00bb animation_style=\u00bbslide\u00bb animation_duration=\u00bb1200ms\u00bb animation_delay=\u00bb100ms\u00bb link_option_url=\u00bbhttps:\/\/www.isdigitaltime.com\/\u00bb link_option_url_new_window=\u00bbon\u00bb custom_css_main_element=\u00bbdisplay: flex;\u00bb border_radii=\u00bbon|13px|13px|13px|13px\u00bb global_colors_info=\u00bb{}\u00bb filter_brightness__hover_enabled=\u00bbon|hover\u00bb filter_brightness__hover=\u00bb70%\u00bb][et_pb_column type=\u00bb4_4&#8243; _builder_version=\u00bb4.16&#8243; _module_preset=\u00bbdefault\u00bb global_colors_info=\u00bb{}\u00bb][et_pb_button button_url=\u00bbhttp:\/\/clickedcards.eu\u00bb url_new_window=\u00bbon\u00bb button_text=\u00bbINVITACIONES ONLINE (PARTNER)\u00bb button_alignment=\u00bbcenter\u00bb _builder_version=\u00bb4.24.2&#8243; _module_preset=\u00bbdefault\u00bb custom_button=\u00bbon\u00bb button_text_color=\u00bb#000000&#8243; button_bg_color=\u00bbrgba(0,0,0,0)\u00bb button_border_width=\u00bb0px\u00bb button_border_radius=\u00bb13px\u00bb global_colors_info=\u00bb{}\u00bb][\/et_pb_button][\/et_pb_column][\/et_pb_row][\/et_pb_section][et_pb_section fb_built=\u00bb1&#8243; disabled_on=\u00bbon|on|on\u00bb _builder_version=\u00bb4.24.2&#8243; _module_preset=\u00bbdefault\u00bb background_color=\u00bb#000000&#8243; width=\u00bb100%\u00bb max_width=\u00bb100%\u00bb min_height=\u00bb100%\u00bb height=\u00bb100%\u00bb max_height=\u00bb100%\u00bb custom_margin=\u00bb0px|0px|0px|0px|false|false\u00bb custom_padding=\u00bb0px|0px|0px|0px|false|false\u00bb disabled=\u00bbon\u00bb global_colors_info=\u00bb{}\u00bb][et_pb_row use_custom_gutter=\u00bbon\u00bb gutter_width=\u00bb1&#8243; disabled_on=\u00bbon|off|off\u00bb _builder_version=\u00bb4.21.2&#8243; _module_preset=\u00bbdefault\u00bb custom_margin=\u00bb25px|auto|25px|auto|false|false\u00bb custom_padding=\u00bb0px|0px|0px|0px|false|false\u00bb animation_style=\u00bbflip\u00bb custom_css_main_element=\u00bbdisplay: flex;\u00bb global_colors_info=\u00bb{}\u00bb][et_pb_column type=\u00bb4_4&#8243; _builder_version=\u00bb4.16&#8243; _module_preset=\u00bbdefault\u00bb global_colors_info=\u00bb{}\u00bb][et_pb_text _builder_version=\u00bb4.21.2&#8243; _module_preset=\u00bbdefault\u00bb text_font=\u00bb|||on|||||\u00bb header_2_font=\u00bb|800||on|||||\u00bb header_2_text_align=\u00bbcenter\u00bb header_2_text_color=\u00bb#FFFFFF\u00bb header_2_font_size=\u00bb44px\u00bb animation_style=\u00bbslide\u00bb animation_direction=\u00bbbottom\u00bb global_colors_info=\u00bb{}\u00bb]\n<h2>PORTAFOLIO<\/h2>\n[\/et_pb_text][\/et_pb_column][\/et_pb_row][et_pb_row use_custom_gutter=\u00bbon\u00bb gutter_width=\u00bb1&#8243; disabled_on=\u00bboff|on|on\u00bb _builder_version=\u00bb4.21.2&#8243; _module_preset=\u00bbdefault\u00bb custom_margin=\u00bb25px||25px||false|false\u00bb custom_padding=\u00bb0px|0px|0px|0px|false|false\u00bb animation_style=\u00bbflip\u00bb custom_css_main_element=\u00bbdisplay: flex;\u00bb global_colors_info=\u00bb{}\u00bb][et_pb_column type=\u00bb4_4&#8243; _builder_version=\u00bb4.16&#8243; _module_preset=\u00bbdefault\u00bb global_colors_info=\u00bb{}\u00bb][et_pb_text _builder_version=\u00bb4.21.2&#8243; _module_preset=\u00bbdefault\u00bb text_font=\u00bb|||on|||||\u00bb header_2_font=\u00bb|800||on|||||\u00bb header_2_text_align=\u00bbcenter\u00bb header_2_text_color=\u00bb#FFFFFF\u00bb header_2_font_size=\u00bb22px\u00bb animation_style=\u00bbslide\u00bb animation_direction=\u00bbbottom\u00bb global_colors_info=\u00bb{}\u00bb]\n<h2>PORTAFOLIO<\/h2>\n[\/et_pb_text][\/et_pb_column][\/et_pb_row][et_pb_row use_custom_gutter=\u00bbon\u00bb gutter_width=\u00bb1&#8243; _builder_version=\u00bb4.21.2&#8243; _module_preset=\u00bbdefault\u00bb background_color=\u00bb#ffffff\u00bb custom_margin=\u00bb20px||20px||false|false\u00bb custom_padding=\u00bb0px|0px|0px|0px|false|false\u00bb animation_style=\u00bbslide\u00bb link_option_url=\u00bbhttps:\/\/portafolio.isdigitaltime.com\/fotografia\/\u00bb link_option_url_new_window=\u00bbon\u00bb custom_css_main_element=\u00bbdisplay: flex;\u00bb border_radii=\u00bbon|13px|13px|13px|13px\u00bb global_colors_info=\u00bb{}\u00bb filter_brightness__hover_enabled=\u00bbon|hover\u00bb filter_brightness__hover=\u00bb70%\u00bb][et_pb_column type=\u00bb4_4&#8243; _builder_version=\u00bb4.16&#8243; _module_preset=\u00bbdefault\u00bb global_colors_info=\u00bb{}\u00bb][et_pb_button button_url=\u00bbhttps:\/\/portafolio.isdigitaltime.com\/fotografia\/\u00bb url_new_window=\u00bbon\u00bb button_text=\u00bbFOTOGRAF\u00cdA \u00bb button_alignment=\u00bbcenter\u00bb _builder_version=\u00bb4.21.2&#8243; _module_preset=\u00bbdefault\u00bb custom_button=\u00bbon\u00bb button_text_color=\u00bb#000000&#8243; button_border_width=\u00bb0px\u00bb button_border_radius=\u00bb13px\u00bb global_colors_info=\u00bb{}\u00bb][\/et_pb_button][\/et_pb_column][\/et_pb_row][et_pb_row use_custom_gutter=\u00bbon\u00bb gutter_width=\u00bb1&#8243; _builder_version=\u00bb4.21.2&#8243; _module_preset=\u00bbdefault\u00bb background_color=\u00bb#ffffff\u00bb custom_margin=\u00bb20px||20px||false|false\u00bb custom_padding=\u00bb0px|0px|0px|0px|false|false\u00bb animation_style=\u00bbslide\u00bb link_option_url=\u00bbhttps:\/\/portafolio.isdigitaltime.com\/webdesign\/\u00bb link_option_url_new_window=\u00bbon\u00bb custom_css_main_element=\u00bbdisplay: flex;\u00bb border_radii=\u00bbon|13px|13px|13px|13px\u00bb global_colors_info=\u00bb{}\u00bb filter_brightness__hover_enabled=\u00bbon|hover\u00bb filter_brightness__hover=\u00bb70%\u00bb][et_pb_column type=\u00bb4_4&#8243; _builder_version=\u00bb4.16&#8243; _module_preset=\u00bbdefault\u00bb global_colors_info=\u00bb{}\u00bb][et_pb_button button_url=\u00bbhttps:\/\/portafolio.isdigitaltime.com\/webdesign\/\u00bb url_new_window=\u00bbon\u00bb button_text=\u00bbDISE\u00d1O DE P\u00c1GINAS WEB\u00bb button_alignment=\u00bbcenter\u00bb _builder_version=\u00bb4.21.2&#8243; _module_preset=\u00bbdefault\u00bb custom_button=\u00bbon\u00bb button_text_color=\u00bb#000000&#8243; button_border_width=\u00bb0px\u00bb button_border_radius=\u00bb13px\u00bb global_colors_info=\u00bb{}\u00bb][\/et_pb_button][\/et_pb_column][\/et_pb_row][et_pb_row use_custom_gutter=\u00bbon\u00bb gutter_width=\u00bb1&#8243; _builder_version=\u00bb4.21.2&#8243; _module_preset=\u00bbdefault\u00bb background_color=\u00bb#ffffff\u00bb custom_margin=\u00bb20px||20px||false|false\u00bb custom_padding=\u00bb0px|0px|0px|0px|false|false\u00bb animation_style=\u00bbslide\u00bb link_option_url=\u00bbhttps:\/\/portafolio.isdigitaltime.com\/logos\/\u00bb link_option_url_new_window=\u00bbon\u00bb custom_css_main_element=\u00bbdisplay: flex;\u00bb border_radii=\u00bbon|13px|13px|13px|13px\u00bb global_colors_info=\u00bb{}\u00bb filter_brightness__hover_enabled=\u00bbon|hover\u00bb filter_brightness__hover=\u00bb70%\u00bb][et_pb_column type=\u00bb4_4&#8243; _builder_version=\u00bb4.16&#8243; _module_preset=\u00bbdefault\u00bb global_colors_info=\u00bb{}\u00bb][et_pb_button button_url=\u00bbhttps:\/\/portafolio.isdigitaltime.com\/logos\/\u00bb url_new_window=\u00bbon\u00bb button_text=\u00bbDISE\u00d1O DE LOGOS\u00bb button_alignment=\u00bbcenter\u00bb _builder_version=\u00bb4.21.2&#8243; _module_preset=\u00bbdefault\u00bb custom_button=\u00bbon\u00bb button_text_color=\u00bb#000000&#8243; button_border_width=\u00bb0px\u00bb button_border_radius=\u00bb13px\u00bb global_colors_info=\u00bb{}\u00bb][\/et_pb_button][\/et_pb_column][\/et_pb_row][et_pb_row use_custom_gutter=\u00bbon\u00bb gutter_width=\u00bb1&#8243; _builder_version=\u00bb4.21.2&#8243; _module_preset=\u00bbdefault\u00bb background_color=\u00bb#ffffff\u00bb custom_margin=\u00bb20px||20px||false|false\u00bb custom_padding=\u00bb0px|0px|0px|0px|false|false\u00bb animation_style=\u00bbslide\u00bb link_option_url=\u00bbhttps:\/\/portafolio.isdigitaltime.com\/menu\/\u00bb link_option_url_new_window=\u00bbon\u00bb custom_css_main_element=\u00bbdisplay: flex;\u00bb border_radii=\u00bbon|13px|13px|13px|13px\u00bb global_colors_info=\u00bb{}\u00bb filter_brightness__hover_enabled=\u00bbon|hover\u00bb filter_brightness__hover=\u00bb70%\u00bb][et_pb_column type=\u00bb4_4&#8243; _builder_version=\u00bb4.16&#8243; _module_preset=\u00bbdefault\u00bb global_colors_info=\u00bb{}\u00bb][et_pb_button button_url=\u00bbhttps:\/\/portafolio.isdigitaltime.com\/menu\/\u00bb button_text=\u00bbDISE\u00d1O DE MEN\u00daS\u00bb button_alignment=\u00bbcenter\u00bb _builder_version=\u00bb4.21.2&#8243; _module_preset=\u00bbdefault\u00bb custom_button=\u00bbon\u00bb button_text_color=\u00bb#000000&#8243; button_border_width=\u00bb0px\u00bb button_border_radius=\u00bb13px\u00bb global_colors_info=\u00bb{}\u00bb][\/et_pb_button][\/et_pb_column][\/et_pb_row][\/et_pb_section]\n","protected":false},"excerpt":{"rendered":"<p>dise\u00f1o de p\u00e1ginas web, E-commerce, dise\u00f1o gr\u00e1fico y gesti\u00f3n de redes sociales.<\/p>","protected":false},"author":1,"featured_media":0,"parent":0,"menu_order":0,"comment_status":"closed","ping_status":"closed","template":"","meta":{"_et_pb_use_builder":"on","_et_pb_old_content":"","_et_gb_content_width":"","_monsterinsights_skip_tracking":false,"_monsterinsights_sitenote_active":false,"_monsterinsights_sitenote_note":"","_monsterinsights_sitenote_category":0,"_joinchat":[],"footnotes":""},"class_list":["post-3661","page","type-page","status-publish","hentry"],"yoast_head":"<!-- This site is optimized with the Yoast SEO plugin v27.4 - https:\/\/yoast.com\/product\/yoast-seo-wordpress\/ -->\n<title>Momento Digital | Contacto - Momento Digital by IsDigitalTime<\/title>\n<meta name=\"description\" content=\"Dise\u00f1o de p\u00e1ginas web, E-commerce, dise\u00f1o gr\u00e1fico y gesti\u00f3n de redes sociales.\" \/>\n<meta name=\"robots\" content=\"noindex, nofollow\" \/>\n<meta property=\"og:locale\" content=\"en_US\" \/>\n<meta property=\"og:type\" content=\"article\" \/>\n<meta property=\"og:title\" content=\"Momento Digital | Contacto - Momento Digital by IsDigitalTime\" \/>\n<meta property=\"og:description\" content=\"Dise\u00f1o de p\u00e1ginas web, E-commerce, dise\u00f1o gr\u00e1fico y gesti\u00f3n de redes sociales.\" \/>\n<meta property=\"og:url\" content=\"https:\/\/www.isdigitaltime.com\/en\/contactar\/\" \/>\n<meta property=\"og:site_name\" content=\"Momento Digital by IsDigitalTime\" \/>\n<meta property=\"article:modified_time\" content=\"2024-09-15T18:05:54+00:00\" \/>\n<meta name=\"twitter:card\" content=\"summary_large_image\" \/>\n<meta name=\"twitter:site\" content=\"@IsDigitalTime\" \/>\n<meta name=\"twitter:label1\" content=\"Est. reading time\" \/>\n\t<meta name=\"twitter:data1\" content=\"1 minute\" \/>\n<script type=\"application\/ld+json\" class=\"yoast-schema-graph\">{\"@context\":\"https:\\\/\\\/schema.org\",\"@graph\":[{\"@type\":\"WebPage\",\"@id\":\"https:\\\/\\\/www.isdigitaltime.com\\\/contactar\\\/\",\"url\":\"https:\\\/\\\/www.isdigitaltime.com\\\/contactar\\\/\",\"name\":\"Momento Digital | Contacto - Momento Digital by IsDigitalTime\",\"isPartOf\":{\"@id\":\"https:\\\/\\\/www.isdigitaltime.com\\\/#website\"},\"datePublished\":\"2024-05-13T15:33:13+00:00\",\"dateModified\":\"2024-09-15T18:05:54+00:00\",\"description\":\"Dise\u00f1o de p\u00e1ginas web, E-commerce, dise\u00f1o gr\u00e1fico y gesti\u00f3n de redes sociales.\",\"breadcrumb\":{\"@id\":\"https:\\\/\\\/www.isdigitaltime.com\\\/contactar\\\/#breadcrumb\"},\"inLanguage\":\"en-US\",\"potentialAction\":[{\"@type\":\"ReadAction\",\"target\":[\"https:\\\/\\\/www.isdigitaltime.com\\\/contactar\\\/\"]}]},{\"@type\":\"BreadcrumbList\",\"@id\":\"https:\\\/\\\/www.isdigitaltime.com\\\/contactar\\\/#breadcrumb\",\"itemListElement\":[{\"@type\":\"ListItem\",\"position\":1,\"name\":\"Home\",\"item\":\"https:\\\/\\\/www.isdigitaltime.com\\\/\"},{\"@type\":\"ListItem\",\"position\":2,\"name\":\"Momento Digital | Contacto\"}]},{\"@type\":\"WebSite\",\"@id\":\"https:\\\/\\\/www.isdigitaltime.com\\\/#website\",\"url\":\"https:\\\/\\\/www.isdigitaltime.com\\\/\",\"name\":\"IsDigitalTime\",\"description\":\"Dise\u00f1o de P\u00e1ginas Web &amp; E-Commerce\",\"publisher\":{\"@id\":\"https:\\\/\\\/www.isdigitaltime.com\\\/#organization\"},\"potentialAction\":[{\"@type\":\"SearchAction\",\"target\":{\"@type\":\"EntryPoint\",\"urlTemplate\":\"https:\\\/\\\/www.isdigitaltime.com\\\/?s={search_term_string}\"},\"query-input\":{\"@type\":\"PropertyValueSpecification\",\"valueRequired\":true,\"valueName\":\"search_term_string\"}}],\"inLanguage\":\"en-US\"},{\"@type\":\"Organization\",\"@id\":\"https:\\\/\\\/www.isdigitaltime.com\\\/#organization\",\"name\":\"Is Digital Time\",\"url\":\"https:\\\/\\\/www.isdigitaltime.com\\\/\",\"logo\":{\"@type\":\"ImageObject\",\"inLanguage\":\"en-US\",\"@id\":\"https:\\\/\\\/www.isdigitaltime.com\\\/#\\\/schema\\\/logo\\\/image\\\/\",\"url\":\"\",\"contentUrl\":\"\",\"caption\":\"Is Digital Time\"},\"image\":{\"@id\":\"https:\\\/\\\/www.isdigitaltime.com\\\/#\\\/schema\\\/logo\\\/image\\\/\"},\"sameAs\":[\"https:\\\/\\\/x.com\\\/IsDigitalTime\",\"https:\\\/\\\/www.instagram.com\\\/isdigitaltime\\\/\",\"https:\\\/\\\/www.linkedin.com\\\/in\\\/digital-time-6195051a8\\\/\",\"https:\\\/\\\/www.youtube.com\\\/channel\\\/UCufWToxjc7_YmAjmgJQ3e6Q\\\/featured\"]}]}<\/script>\n<!-- \/ Yoast SEO plugin. -->","yoast_head_json":{"title":"Momento Digital | Contacto - Momento Digital by IsDigitalTime","description":"Dise\u00f1o de p\u00e1ginas web, E-commerce, dise\u00f1o gr\u00e1fico y gesti\u00f3n de redes sociales.","robots":{"index":"noindex","follow":"nofollow"},"og_locale":"en_US","og_type":"article","og_title":"Momento Digital | Contacto - Momento Digital by IsDigitalTime","og_description":"Dise\u00f1o de p\u00e1ginas web, E-commerce, dise\u00f1o gr\u00e1fico y gesti\u00f3n de redes sociales.","og_url":"https:\/\/www.isdigitaltime.com\/en\/contactar\/","og_site_name":"Momento Digital by IsDigitalTime","article_modified_time":"2024-09-15T18:05:54+00:00","twitter_card":"summary_large_image","twitter_site":"@IsDigitalTime","twitter_misc":{"Est. reading time":"1 minute"},"schema":{"@context":"https:\/\/schema.org","@graph":[{"@type":"WebPage","@id":"https:\/\/www.isdigitaltime.com\/contactar\/","url":"https:\/\/www.isdigitaltime.com\/contactar\/","name":"Momento Digital | Contacto - Momento Digital by IsDigitalTime","isPartOf":{"@id":"https:\/\/www.isdigitaltime.com\/#website"},"datePublished":"2024-05-13T15:33:13+00:00","dateModified":"2024-09-15T18:05:54+00:00","description":"Dise\u00f1o de p\u00e1ginas web, E-commerce, dise\u00f1o gr\u00e1fico y gesti\u00f3n de redes sociales.","breadcrumb":{"@id":"https:\/\/www.isdigitaltime.com\/contactar\/#breadcrumb"},"inLanguage":"en-US","potentialAction":[{"@type":"ReadAction","target":["https:\/\/www.isdigitaltime.com\/contactar\/"]}]},{"@type":"BreadcrumbList","@id":"https:\/\/www.isdigitaltime.com\/contactar\/#breadcrumb","itemListElement":[{"@type":"ListItem","position":1,"name":"Home","item":"https:\/\/www.isdigitaltime.com\/"},{"@type":"ListItem","position":2,"name":"Momento Digital | Contacto"}]},{"@type":"WebSite","@id":"https:\/\/www.isdigitaltime.com\/#website","url":"https:\/\/www.isdigitaltime.com\/","name":"IsDigitalTime","description":"Dise\u00f1o de P\u00e1ginas Web &amp; E-Commerce","publisher":{"@id":"https:\/\/www.isdigitaltime.com\/#organization"},"potentialAction":[{"@type":"SearchAction","target":{"@type":"EntryPoint","urlTemplate":"https:\/\/www.isdigitaltime.com\/?s={search_term_string}"},"query-input":{"@type":"PropertyValueSpecification","valueRequired":true,"valueName":"search_term_string"}}],"inLanguage":"en-US"},{"@type":"Organization","@id":"https:\/\/www.isdigitaltime.com\/#organization","name":"Is Digital Time","url":"https:\/\/www.isdigitaltime.com\/","logo":{"@type":"ImageObject","inLanguage":"en-US","@id":"https:\/\/www.isdigitaltime.com\/#\/schema\/logo\/image\/","url":"","contentUrl":"","caption":"Is Digital Time"},"image":{"@id":"https:\/\/www.isdigitaltime.com\/#\/schema\/logo\/image\/"},"sameAs":["https:\/\/x.com\/IsDigitalTime","https:\/\/www.instagram.com\/isdigitaltime\/","https:\/\/www.linkedin.com\/in\/digital-time-6195051a8\/","https:\/\/www.youtube.com\/channel\/UCufWToxjc7_YmAjmgJQ3e6Q\/featured"]}]}},"jetpack_sharing_enabled":true,"_links":{"self":[{"href":"https:\/\/www.isdigitaltime.com\/en\/wp-json\/wp\/v2\/pages\/3661","targetHints":{"allow":["GET"]}}],"collection":[{"href":"https:\/\/www.isdigitaltime.com\/en\/wp-json\/wp\/v2\/pages"}],"about":[{"href":"https:\/\/www.isdigitaltime.com\/en\/wp-json\/wp\/v2\/types\/page"}],"author":[{"embeddable":true,"href":"https:\/\/www.isdigitaltime.com\/en\/wp-json\/wp\/v2\/users\/1"}],"replies":[{"embeddable":true,"href":"https:\/\/www.isdigitaltime.com\/en\/wp-json\/wp\/v2\/comments?post=3661"}],"version-history":[{"count":10,"href":"https:\/\/www.isdigitaltime.com\/en\/wp-json\/wp\/v2\/pages\/3661\/revisions"}],"predecessor-version":[{"id":4467,"href":"https:\/\/www.isdigitaltime.com\/en\/wp-json\/wp\/v2\/pages\/3661\/revisions\/4467"}],"wp:attachment":[{"href":"https:\/\/www.isdigitaltime.com\/en\/wp-json\/wp\/v2\/media?parent=3661"}],"curies":[{"name":"wp","href":"https:\/\/api.w.org\/{rel}","templated":true}]}}